{"id":3043,"date":"2021-02-04T15:43:54","date_gmt":"2021-02-04T14:43:54","guid":{"rendered":"https:\/\/sim.local.com\/home\/"},"modified":"2024-03-05T23:35:17","modified_gmt":"2024-03-05T22:35:17","slug":"home","status":"publish","type":"page","link":"https:\/\/stowarzyszenieim.org\/en\/","title":{"rendered":"Home"},"content":{"rendered":"\n<p>This is a sample page. Strony s\u0105 inne ni\u017c wpisy na blogu, poniewa\u017c nie tylko znajduj\u0105 si\u0119 zawsze w jednym miejscu, ale tak\u017ce pojawiaj\u0105 si\u0119 w menu witryny (w wi\u0119kszo\u015bci motyw\u00f3w). Wi\u0119kszo\u015b\u0107 u\u017cytkownik\u00f3w zaczyna od strony z informacjami o sobie, kt\u00f3ra zapozna ich przed odwiedzaj\u0105cymi witryn\u0119. Taka strona mo\u017ce zawiera\u0107 na przyk\u0142ad taki tekst:<\/p>\n\n<blockquote class=\"wp-block-quote\"><p>Cze\u015b\u0107! Za dnia jestem kurierem rowerowym, noc\u0105 pr\u00f3buj\u0119 swoich si\u0142 w aktorstwie, a to jest moja witryna. Mieszkam w Krakowie, mam wspania\u0142ego psa kt\u00f3ry wabi si\u0119 Reks i lubi\u0119 pi\u00f1a colad\u0119 (oraz spacery, gdy pada deszcz).<\/p><\/blockquote>\n\n<p>&#8230;albo co\u015b takiego:<\/p>\n\n<blockquote class=\"wp-block-quote\"><p>Firma XYZ Doohickey zosta\u0142a za\u0142o\u017cona w 1971 roku i od tamtej pory dostarcza spo\u0142ecze\u0144stwu dobrej jako\u015bci gad\u017cety. Znajduj\u0105ca si\u0119 w Gotham City XYZ zatrudnia ponad 2000 os\u00f3b i robi niesamowite rzeczy dla spo\u0142eczno\u015bci Gotham.<\/p><\/blockquote>\n\n<p>Jako nowy u\u017cytkownik WordPressa, powiniene\u015b przej\u015b\u0107 do <a href=\"http:\/\/website.local.com\/wp-admin\/\">swojego kokpitu<\/a> aby usun\u0105\u0107 t\u0119 stron\u0119 i stworzy\u0107 nowe z w\u0142asn\u0105 tre\u015bci\u0105. Dobrej zabawy!<\/p>\n","protected":false},"excerpt":{"rendered":"This is a sample page. Strony s\u0105 inne ni\u017c wpisy na blogu, poniewa\u017c nie tylko znajduj\u0105 si\u0119 zawsze w jednym miejscu, ale tak\u017ce pojawiaj\u0105 si\u0119 w menu witryny (w wi\u0119kszo\u015bci motyw\u00f3w). Wi\u0119kszo\u015b\u0107 u\u017cytkownik\u00f3w zaczyna od strony z informacjami o sobie, kt\u00f3ra zapozna ich przed odwiedzaj\u0105cymi witryn\u0119. Taka strona mo\u017ce zawiera\u0107 na przyk\u0142ad taki tekst: Cze\u015b\u0107! [&hellip;]","protected":false},"author":1,"featured_media":0,"parent":0,"menu_order":43,"comment_status":"closed","ping_status":"open","template":"","meta":[],"acf":[],"yoast_head":"<!-- This site is optimized with the Yoast SEO plugin v19.0 - https:\/\/yoast.com\/wordpress\/plugins\/seo\/ -->\n<title>Home - The Interim Managers Association<\/title>\n<meta name=\"description\" content=\"The Interim Managers Association (SIM) has been operating on the Polish market for fifteen years, building awareness and standards in the field of interim management. Their goal is to promote modern management tools and methods to help companies achieve a competitive advantage.\" \/>\n<meta name=\"robots\" content=\"index, follow, max-snippet:-1, max-image-preview:large, max-video-preview:-1\" \/>\n<link rel=\"canonical\" href=\"https:\/\/stowarzyszenieim.org\/en\/\" \/>\n<meta property=\"og:locale\" content=\"en_US\" \/>\n<meta property=\"og:type\" content=\"article\" \/>\n<meta property=\"og:title\" content=\"Home - The Interim Managers Association\" \/>\n<meta property=\"og:description\" content=\"The Interim Managers Association (SIM) has been operating on the Polish market for fifteen years, building awareness and standards in the field of interim management. Their goal is to promote modern management tools and methods to help companies achieve a competitive advantage.\" \/>\n<meta property=\"og:url\" content=\"https:\/\/stowarzyszenieim.org\/en\/\" \/>\n<meta property=\"og:site_name\" content=\"The Interim Managers Association\" \/>\n<meta property=\"article:modified_time\" content=\"2024-03-05T22:35:17+00:00\" \/>\n<meta property=\"og:image\" content=\"https:\/\/stowarzyszenieim.org\/wp-content\/uploads\/2024\/03\/og-image.png\" \/>\n\t<meta property=\"og:image:width\" content=\"1915\" \/>\n\t<meta property=\"og:image:height\" content=\"1200\" \/>\n\t<meta property=\"og:image:type\" content=\"image\/png\" \/>\n<meta name=\"twitter:card\" content=\"summary_large_image\" \/>\n<meta name=\"twitter:label1\" content=\"Est. reading time\" \/>\n\t<meta name=\"twitter:data1\" content=\"1 minute\" \/>\n<script type=\"application\/ld+json\" class=\"yoast-schema-graph\">{\"@context\":\"https:\/\/schema.org\",\"@graph\":[{\"@type\":\"Organization\",\"@id\":\"https:\/\/stowarzyszenieim.org\/en\/#organization\",\"name\":\"Stowarzyszenie Interim Managers\",\"url\":\"https:\/\/stowarzyszenieim.org\/en\/\",\"sameAs\":[],\"logo\":{\"@type\":\"ImageObject\",\"inLanguage\":\"en-US\",\"@id\":\"https:\/\/stowarzyszenieim.org\/en\/#\/schema\/logo\/image\/\",\"url\":\"https:\/\/stowarzyszenieim.org\/wp-content\/uploads\/2024\/02\/stowarzyszenie-logo-good-quality.png\",\"contentUrl\":\"https:\/\/stowarzyszenieim.org\/wp-content\/uploads\/2024\/02\/stowarzyszenie-logo-good-quality.png\",\"width\":700,\"height\":352,\"caption\":\"Stowarzyszenie Interim Managers\"},\"image\":{\"@id\":\"https:\/\/stowarzyszenieim.org\/en\/#\/schema\/logo\/image\/\"}},{\"@type\":\"WebSite\",\"@id\":\"https:\/\/stowarzyszenieim.org\/en\/#website\",\"url\":\"https:\/\/stowarzyszenieim.org\/en\/\",\"name\":\"The Interim Managers Association\",\"description\":\"The Interim Managers Association (SIM) has been operating on the Polish market for fifteen years, building awareness and standards in the field of interim management. Their goal is to promote modern management tools and methods to help companies achieve a competitive advantage.\",\"publisher\":{\"@id\":\"https:\/\/stowarzyszenieim.org\/en\/#organization\"},\"potentialAction\":[{\"@type\":\"SearchAction\",\"target\":{\"@type\":\"EntryPoint\",\"urlTemplate\":\"https:\/\/stowarzyszenieim.org\/en\/?s={search_term_string}\"},\"query-input\":\"required name=search_term_string\"}],\"inLanguage\":\"en-US\"},{\"@type\":\"WebPage\",\"@id\":\"https:\/\/stowarzyszenieim.org\/en\/#webpage\",\"url\":\"https:\/\/stowarzyszenieim.org\/en\/\",\"name\":\"Home - The Interim Managers Association\",\"isPartOf\":{\"@id\":\"https:\/\/stowarzyszenieim.org\/en\/#website\"},\"datePublished\":\"2021-02-04T14:43:54+00:00\",\"dateModified\":\"2024-03-05T22:35:17+00:00\",\"description\":\"The Interim Managers Association (SIM) has been operating on the Polish market for fifteen years, building awareness and standards in the field of interim management. Their goal is to promote modern management tools and methods to help companies achieve a competitive advantage.\",\"breadcrumb\":{\"@id\":\"https:\/\/stowarzyszenieim.org\/en\/#breadcrumb\"},\"inLanguage\":\"en-US\",\"potentialAction\":[{\"@type\":\"ReadAction\",\"target\":[\"https:\/\/stowarzyszenieim.org\/en\/\"]}]},{\"@type\":\"BreadcrumbList\",\"@id\":\"https:\/\/stowarzyszenieim.org\/en\/#breadcrumb\",\"itemListElement\":[{\"@type\":\"ListItem\",\"position\":1,\"name\":\"Strona g\u0142\u00f3wna\",\"item\":\"https:\/\/stowarzyszenieim.org\/en\/\"},{\"@type\":\"ListItem\",\"position\":2,\"name\":\"Home\"}]}]}<\/script>\n<!-- \/ Yoast SEO plugin. -->","yoast_head_json":{"title":"Home - The Interim Managers Association","description":"The Interim Managers Association (SIM) has been operating on the Polish market for fifteen years, building awareness and standards in the field of interim management. Their goal is to promote modern management tools and methods to help companies achieve a competitive advantage.","robots":{"index":"index","follow":"follow","max-snippet":"max-snippet:-1","max-image-preview":"max-image-preview:large","max-video-preview":"max-video-preview:-1"},"canonical":"https:\/\/stowarzyszenieim.org\/en\/","og_locale":"en_US","og_type":"article","og_title":"Home - The Interim Managers Association","og_description":"The Interim Managers Association (SIM) has been operating on the Polish market for fifteen years, building awareness and standards in the field of interim management. Their goal is to promote modern management tools and methods to help companies achieve a competitive advantage.","og_url":"https:\/\/stowarzyszenieim.org\/en\/","og_site_name":"The Interim Managers Association","article_modified_time":"2024-03-05T22:35:17+00:00","og_image":[{"width":1915,"height":1200,"url":"https:\/\/stowarzyszenieim.org\/wp-content\/uploads\/2024\/03\/og-image.png","type":"image\/png"}],"twitter_card":"summary_large_image","twitter_misc":{"Est. reading time":"1 minute"},"schema":{"@context":"https:\/\/schema.org","@graph":[{"@type":"Organization","@id":"https:\/\/stowarzyszenieim.org\/en\/#organization","name":"Stowarzyszenie Interim Managers","url":"https:\/\/stowarzyszenieim.org\/en\/","sameAs":[],"logo":{"@type":"ImageObject","inLanguage":"en-US","@id":"https:\/\/stowarzyszenieim.org\/en\/#\/schema\/logo\/image\/","url":"https:\/\/stowarzyszenieim.org\/wp-content\/uploads\/2024\/02\/stowarzyszenie-logo-good-quality.png","contentUrl":"https:\/\/stowarzyszenieim.org\/wp-content\/uploads\/2024\/02\/stowarzyszenie-logo-good-quality.png","width":700,"height":352,"caption":"Stowarzyszenie Interim Managers"},"image":{"@id":"https:\/\/stowarzyszenieim.org\/en\/#\/schema\/logo\/image\/"}},{"@type":"WebSite","@id":"https:\/\/stowarzyszenieim.org\/en\/#website","url":"https:\/\/stowarzyszenieim.org\/en\/","name":"The Interim Managers Association","description":"The Interim Managers Association (SIM) has been operating on the Polish market for fifteen years, building awareness and standards in the field of interim management. Their goal is to promote modern management tools and methods to help companies achieve a competitive advantage.","publisher":{"@id":"https:\/\/stowarzyszenieim.org\/en\/#organization"},"potentialAction":[{"@type":"SearchAction","target":{"@type":"EntryPoint","urlTemplate":"https:\/\/stowarzyszenieim.org\/en\/?s={search_term_string}"},"query-input":"required name=search_term_string"}],"inLanguage":"en-US"},{"@type":"WebPage","@id":"https:\/\/stowarzyszenieim.org\/en\/#webpage","url":"https:\/\/stowarzyszenieim.org\/en\/","name":"Home - The Interim Managers Association","isPartOf":{"@id":"https:\/\/stowarzyszenieim.org\/en\/#website"},"datePublished":"2021-02-04T14:43:54+00:00","dateModified":"2024-03-05T22:35:17+00:00","description":"The Interim Managers Association (SIM) has been operating on the Polish market for fifteen years, building awareness and standards in the field of interim management. Their goal is to promote modern management tools and methods to help companies achieve a competitive advantage.","breadcrumb":{"@id":"https:\/\/stowarzyszenieim.org\/en\/#breadcrumb"},"inLanguage":"en-US","potentialAction":[{"@type":"ReadAction","target":["https:\/\/stowarzyszenieim.org\/en\/"]}]},{"@type":"BreadcrumbList","@id":"https:\/\/stowarzyszenieim.org\/en\/#breadcrumb","itemListElement":[{"@type":"ListItem","position":1,"name":"Strona g\u0142\u00f3wna","item":"https:\/\/stowarzyszenieim.org\/en\/"},{"@type":"ListItem","position":2,"name":"Home"}]}]}},"_links":{"self":[{"href":"https:\/\/stowarzyszenieim.org\/en\/wp-json\/wp\/v2\/pages\/3043"}],"collection":[{"href":"https:\/\/stowarzyszenieim.org\/en\/wp-json\/wp\/v2\/pages"}],"about":[{"href":"https:\/\/stowarzyszenieim.org\/en\/wp-json\/wp\/v2\/types\/page"}],"author":[{"embeddable":true,"href":"https:\/\/stowarzyszenieim.org\/en\/wp-json\/wp\/v2\/users\/1"}],"replies":[{"embeddable":true,"href":"https:\/\/stowarzyszenieim.org\/en\/wp-json\/wp\/v2\/comments?post=3043"}],"version-history":[{"count":1,"href":"https:\/\/stowarzyszenieim.org\/en\/wp-json\/wp\/v2\/pages\/3043\/revisions"}],"predecessor-version":[{"id":3044,"href":"https:\/\/stowarzyszenieim.org\/en\/wp-json\/wp\/v2\/pages\/3043\/revisions\/3044"}],"wp:attachment":[{"href":"https:\/\/stowarzyszenieim.org\/en\/wp-json\/wp\/v2\/media?parent=3043"}],"curies":[{"name":"wp","href":"https:\/\/api.w.org\/{rel}","templated":true}]}}